{"id":1540,"date":"2025-05-18T13:38:57","date_gmt":"2025-05-18T16:38:57","guid":{"rendered":"https:\/\/bellahairbrasil.com.br\/loja\/produto\/linha-cc-cream-kit-serum-e-leave-in-pro-bella-hair-brasil\/"},"modified":"2026-04-01T13:37:42","modified_gmt":"2026-04-01T16:37:42","slug":"linha-cc-cream-kit-serum-e-leave-in-pro-bella-hair-brasil","status":"publish","type":"product","link":"https:\/\/bellahairbrasil.com.br\/loja\/produto\/linha-cc-cream-kit-serum-e-leave-in-pro-bella-hair-brasil\/","title":{"rendered":"Linha Bomba Kit: Shampoo, M\u00e1scara e T\u00f4nico"},"content":{"rendered":"<p>Kit Shampoo, M\u00e1scara e T\u00f4nico Bomba Crescimento Anti-Queda<\/p>\n<p>Cont\u00e9m:<\/p>\n<p>Shampoo Fortificante 300ml<\/p>\n<p>M\u00e1scara Fortificante 300g<\/p>\n<p>T\u00f4nico Fortificante 120ml<\/p>\n<p>A linha Bomba Fortificante foi desenvolvida para fortalecer, revitalizar e proteger os cabelos, promovendo fios mais saud\u00e1veis, resistentes e com crescimento equilibrado. ideal para cabelos fr\u00e1geis, com queda ou que precisam de est\u00edmulo para o crescimento, a linha atua desde o couro cabeludo at\u00e9 as pontas, proporcionando nutri\u00e7\u00e3o profunda, controle de frizz, brilho intenso e resist\u00eancia contra danos externos.<\/p>\n<p>PRINCIPAIS BENEF\u00cdCIOS:<\/p>\n<p>\u2022 Estimula o couro cabeludo e o crescimento capilar saud\u00e1vel<\/p>\n<p>\u2022 Reduz a queda e fortalece os fios desde a raiz<\/p>\n<p>\u2022 Nutre profundamente e protege contra danos externos<\/p>\n<p>\u2022 Hidrata, melhora a elasticidade e aumenta a maciez<\/p>\n<p>\u2022 Controla o frizz e proporciona brilho intenso<\/p>\n<p>\u2022 F\u00f3rmulas leves e eficazes para todos os tipos de cabelo<\/p>\n<p>ATIVOS PRINCIPAIS:<\/p>\n<p>\u2022 Extrato de Gengibre \u2013 Estimula o crescimento, fortalece e reduz a queda.<\/p>\n<p>\u2022 Manteiga de Cupua\u00e7u \u2013 Hidrata\u00e7\u00e3o intensa, maciez e prote\u00e7\u00e3o contra danos.<\/p>\n<p>\u2022 \u00d3leo de Coco \u2013 Nutri\u00e7\u00e3o profunda, antifrizz e fortalecimento dos fios.<\/p>\n<p>\u2022 Extrato de Alecrim \u2013 Revitaliza o couro cabeludo e controla a oleosidade.<\/p>\n<p>\u2022 Extrato de L\u00fapulo \u2013 Fortalece, reduz a quebra e protege contra agress\u00f5es externas.<\/p>\n<p>\u2022 Extrato de Pimenta \u2013 Estimula a circula\u00e7\u00e3o, favorecendo o crescimento capilar.<\/p>\n<p>\u2022 Complexo de Amino\u00e1cidos \u2013 Reconstr\u00f3i a fibra capilar e aumenta a resist\u00eancia dos fios.<\/p>\n<p>Modo de uso:<\/p>\n<p>SHAMPOO FORTIFICANTE:<\/p>\n<p>Aplique nos cabelos molhados, massageie suavemente e enx\u00e1gue. Repita se necess\u00e1rio.<\/p>\n<p>M\u00c1SCARA FORTIFICANTE:<\/p>\n<p>Aplique nos cabelos \u00famidos e limpos, do comprimento \u00e0s pontas. Massageie e deixe agir por 3 a 10 minutos. Enx\u00e1gue bem.<\/p>\n<p>T\u00d4NICO FORTIFICANTE<\/p>\n<p>Borrife o Bomba T\u00f4nico Fortificante diretamente no couro cabeludo e massageie suavemente com as pontas dos dedos. N\u00e3o enx\u00e1gue.<\/p>\n<p>Beleza Real Inspirada no Brasil.<\/p>\n<p>A Bella Hair Brasil nasce para cuidar da beleza real e natural, valorizando a<\/p>\n<p>ess\u00eancia de cada pessoa com produtos capilares de alta qualidade.<\/p>\n<p>Inspirada nas riquezas e biodiversidade do Brasil, uma marca que<\/p>\n<p>combina inova\u00e7\u00e3o sustent\u00e1vel e ingredientes selecionados para<\/p>\n<p>proporcionar uma experi\u00eancia \u00fanica de autocuidado. Nosso<\/p>\n<p>compromisso vai al\u00e9m da est\u00e9tica: buscamos f\u00f3rmulas eficazes,<\/p>\n<p>desenvolvidas com responsabilidade e respeito ao meio ambiente.<\/p>\n<p>Beleza genu\u00edna, cuidado consciente.<\/p>\n<p>Fabricado no Brasil.<\/p>\n<p>BELLA HAIR BRASIL COSM\u00c9TICOS LTDA.<\/p>\n<p><script src=\"chrome-extension:\/\/lopnbnfpjmgpbppclhclehhgafnifija\/aiscripts\/script-main.js\"><\/script><\/p>\n","protected":false},"excerpt":{"rendered":"<p>&nbsp;<\/p>\n<p><script src=\"chrome-extension:\/\/lopnbnfpjmgpbppclhclehhgafnifija\/aiscripts\/script-main.js\"><\/script><\/p>\n<p><script src=\"chrome-extension:\/\/lopnbnfpjmgpbppclhclehhgafnifija\/aiscripts\/script-main.js\"><\/script><\/p>\n<p><script src=\"chrome-extension:\/\/lopnbnfpjmgpbppclhclehhgafnifija\/aiscripts\/script-main.js\"><\/script><\/p>\n","protected":false},"featured_media":1572,"template":"","meta":[],"product_brand":[],"product_cat":[30],"product_tag":[],"class_list":{"0":"post-1540","1":"product","2":"type-product","3":"status-publish","4":"has-post-thumbnail","6":"product_cat-bomba","8":"first","9":"instock","10":"shipping-taxable","11":"purchasable","12":"product-type-simple"},"_links":{"self":[{"href":"https:\/\/bellahairbrasil.com.br\/loja\/wp-json\/wp\/v2\/product\/1540","targetHints":{"allow":["GET"]}}],"collection":[{"href":"https:\/\/bellahairbrasil.com.br\/loja\/wp-json\/wp\/v2\/product"}],"about":[{"href":"https:\/\/bellahairbrasil.com.br\/loja\/wp-json\/wp\/v2\/types\/product"}],"wp:featuredmedia":[{"embeddable":true,"href":"https:\/\/bellahairbrasil.com.br\/loja\/wp-json\/wp\/v2\/media\/1572"}],"wp:attachment":[{"href":"https:\/\/bellahairbrasil.com.br\/loja\/wp-json\/wp\/v2\/media?parent=1540"}],"wp:term":[{"taxonomy":"product_brand","embeddable":true,"href":"https:\/\/bellahairbrasil.com.br\/loja\/wp-json\/wp\/v2\/product_brand?post=1540"},{"taxonomy":"product_cat","embeddable":true,"href":"https:\/\/bellahairbrasil.com.br\/loja\/wp-json\/wp\/v2\/product_cat?post=1540"},{"taxonomy":"product_tag","embeddable":true,"href":"https:\/\/bellahairbrasil.com.br\/loja\/wp-json\/wp\/v2\/product_tag?post=1540"}],"curies":[{"name":"wp","href":"https:\/\/api.w.org\/{rel}","templated":true}]}}