{"id":1536,"date":"2025-05-18T13:38:51","date_gmt":"2025-05-18T16:38:51","guid":{"rendered":"https:\/\/bellahairbrasil.com.br\/loja\/produto\/serum-finalizador-cc-cream-bella-hair-30ml\/"},"modified":"2025-09-09T21:46:48","modified_gmt":"2025-09-10T00:46:48","slug":"serum-finalizador-cc-cream-bella-hair-30ml","status":"publish","type":"product","link":"https:\/\/bellahairbrasil.com.br\/loja\/produto\/serum-finalizador-cc-cream-bella-hair-30ml\/","title":{"rendered":"S\u00e9rum Finalizador CC Cream Bella Hair 30ml"},"content":{"rendered":"<p class=\"MsoNormal\">CC Cream S\u00e9rum Finalizador.<\/p>\n<p>Cont\u00e9m: S\u00e9rum Finalizador 30ml.<\/p>\n<p>CC Cream S\u00e9rum Finalizador<strong>, <\/strong>sua solu\u00e7\u00e3o definitiva para prote\u00e7\u00e3o inteligente e nutri\u00e7\u00e3o profunda. Este s\u00e9rum multifuncional combina o poder dos \u00f3leos vegetais.<\/p>\n<p class=\"MsoNormal\" style=\"margin-bottom: 0cm; margin-top: 0cm;\">amaz\u00f4nicos com silicones de \u00faltima gera\u00e7\u00e3o, oferecendo uma prote\u00e7\u00e3o t\u00e9rmica de at\u00e9 230\u00b0C e controle de frizz por 48 horas, tudo isso enquanto proporciona um brilho. intenso e um toque sedoso sem peso.<\/p>\n<p>PRINCIPAIS BENEF\u00cdCIOS:<\/p>\n<p class=\"MsoNormal\" style=\"margin-bottom: 0cm; margin-top: 0cm;\">\u2022 Nutri\u00e7\u00e3o intensa.<\/p>\n<p class=\"MsoNormal\" style=\"margin-bottom: 0cm; margin-top: 0cm;\">\u2022 Controle do frizz.<\/p>\n<p class=\"MsoNormal\" style=\"margin-bottom: 0cm; margin-top: 0cm;\">\u2022 Brilho radiante e acabamento sedoso.<\/p>\n<p class=\"MsoNormal\" style=\"margin-bottom: 0cm; margin-top: 0cm;\">\u2022 Prote\u00e7\u00e3o contra agress\u00f5es externas.<\/p>\n<p class=\"MsoNormal\" style=\"margin-bottom: 0cm; margin-top: 0cm;\">\u2022 Toque leve sem pesar os fios.<\/p>\n<p>ATIVOS PRINCIPAIS:<\/p>\n<p class=\"MsoNormal\" style=\"margin-bottom: 0cm; margin-top: 0cm;\">\u2022 \u00d3leo de Camelina \u2013 Rico em \u00e1cidos graxos essenciais, nutre e protege os fios.<\/p>\n<p class=\"MsoNormal\" style=\"margin-bottom: 0cm; margin-top: 0cm;\">\u2022 \u00d3leo de Semente de Macad\u00e2mia \u2013 Hidrata\u00e7\u00e3o profunda e a\u00e7\u00e3o anti-frizz.<\/p>\n<p class=\"MsoNormal\" style=\"margin-bottom: 0cm; margin-top: 0cm;\">\u2022 Manteiga de Semente de Murumuru \u2013 Restaura\u00e7\u00e3o da fibra capilar e selagem das cut\u00edculas.<\/p>\n<p class=\"MsoNormal\" style=\"margin-bottom: 0cm; margin-top: 0cm;\">\u2022 Silicones Nobres \u2013 Suavidade, brilho e prote\u00e7\u00e3o t\u00e9rmica.<\/p>\n<p>MODO DE USO:<br \/>\nATIVADOR DOS FIOS. Aplique de 1 a 3 gotas S\u00e9rum Finalizador Bella Hair na palma<\/p>\n<p class=\"MsoNormal\" style=\"margin-bottom: 0cm; margin-top: 0cm;\">das m\u00e3os e distribua pela extens\u00e3o dos fios, iniciando pelas pontas. Evite a raiz.<\/p>\n<p>Beleza Real Inspirada no Brasil.<\/p>\n<p>A Bella Hair Brasil nasce para cuidar da beleza real e natural, valorizando a ess\u00eancia de cada pessoa com produtos capilares de alta qualidade. Inspirada nas riquezas e biodiversidade do Brasil, uma marca que combina inova\u00e7\u00e3o sustent\u00e1vel e ingredientes selecionados para proporcionar uma experi\u00eancia \u00fanica de autocuidado. Nosso compromisso vai al\u00e9m da est\u00e9tica: buscamos f\u00f3rmulas eficazes, desenvolvidas com responsabilidade e respeito ao meio ambiente.<\/p>\n<p>Beleza genu\u00edna, cuidado consciente.<\/p>\n<p>Fabricado no Brasil.<br \/>\nBELLA HAIR BRASIL COSM\u00c9TICOS LTDA.<\/p>\n","protected":false},"excerpt":{"rendered":"<p>CC Cream S\u00e9rum Finalizador. Cont\u00e9m: S\u00e9rum Finalizador 30ml. CC Cream S\u00e9rum Finalizador, sua solu\u00e7\u00e3o definitiva para prote\u00e7\u00e3o inteligente e nutri\u00e7\u00e3o profunda. Este s\u00e9rum multifuncional combina o poder dos \u00f3leos vegetais. amaz\u00f4nicos com silicones de \u00faltima gera\u00e7\u00e3o, oferecendo uma prote\u00e7\u00e3o t\u00e9rmica de at\u00e9 230\u00b0C e controle de frizz por 48 horas, tudo isso enquanto proporciona um [&hellip;]<\/p>\n","protected":false},"featured_media":1533,"template":"","meta":[],"product_brand":[],"product_cat":[29],"product_tag":[],"class_list":{"0":"post-1536","1":"product","2":"type-product","3":"status-publish","4":"has-post-thumbnail","6":"product_cat-cccream","8":"first","9":"instock","10":"shipping-taxable","11":"purchasable","12":"product-type-simple"},"_links":{"self":[{"href":"https:\/\/bellahairbrasil.com.br\/loja\/wp-json\/wp\/v2\/product\/1536","targetHints":{"allow":["GET"]}}],"collection":[{"href":"https:\/\/bellahairbrasil.com.br\/loja\/wp-json\/wp\/v2\/product"}],"about":[{"href":"https:\/\/bellahairbrasil.com.br\/loja\/wp-json\/wp\/v2\/types\/product"}],"wp:featuredmedia":[{"embeddable":true,"href":"https:\/\/bellahairbrasil.com.br\/loja\/wp-json\/wp\/v2\/media\/1533"}],"wp:attachment":[{"href":"https:\/\/bellahairbrasil.com.br\/loja\/wp-json\/wp\/v2\/media?parent=1536"}],"wp:term":[{"taxonomy":"product_brand","embeddable":true,"href":"https:\/\/bellahairbrasil.com.br\/loja\/wp-json\/wp\/v2\/product_brand?post=1536"},{"taxonomy":"product_cat","embeddable":true,"href":"https:\/\/bellahairbrasil.com.br\/loja\/wp-json\/wp\/v2\/product_cat?post=1536"},{"taxonomy":"product_tag","embeddable":true,"href":"https:\/\/bellahairbrasil.com.br\/loja\/wp-json\/wp\/v2\/product_tag?post=1536"}],"curies":[{"name":"wp","href":"https:\/\/api.w.org\/{rel}","templated":true}]}}