{"id":1262,"date":"2025-05-06T00:36:54","date_gmt":"2025-05-06T03:36:54","guid":{"rendered":"https:\/\/bellahairbrasil.com.br\/loja\/loja\/shampoo-matizador-blond-me-bella-hair-300ml-lote-0001\/"},"modified":"2025-12-27T17:38:45","modified_gmt":"2025-12-27T20:38:45","slug":"shampoo-matizador-blond-me-bella-hair-300ml-lote-0001","status":"publish","type":"product","link":"https:\/\/bellahairbrasil.com.br\/loja\/produto\/shampoo-matizador-blond-me-bella-hair-300ml-lote-0001\/","title":{"rendered":"Shampoo Matizador Blond Me Bella Hair Brasil 300ml"},"content":{"rendered":"<p class=\"MsoNormal\">Shampoo Matizador, Blond Me para Cabelos Loiros.<\/p>\n<p>Cont\u00e9m: Shampoo Matizador 300ml.<\/p>\n<p>A linha Blond Me foi desenvolvida para cuidar dos cabelos loiros, descoloridos e grisalhos, promovendo um tratamento completo que matiza, hidrata e protege os fios. Sua f\u00f3rmula avan\u00e7ada neutraliza os tons amarelados, restaura a sa\u00fade da fibra capilar e preserva a luminosidade dos fios desde a primeira aplica\u00e7\u00e3o.<\/p>\n<p>PRINCIPAIS BENEF\u00cdCIOS:<br \/>\n\u2022 Tecnologia Anti-Yellow: Matiza\u00e7\u00e3o eficaz sem ressecar os fios.<br \/>\n\u2022 Prote\u00e7\u00e3o t\u00e9rmica avan\u00e7ada: Escudo contra altas temperaturas.<br \/>\n\u2022 Hidrata e fortalece os fios, prevenindo ressecamento e quebra.<br \/>\n\u2022 Nutri\u00e7\u00e3o profunda com \u00f3leos vegetais e ativos reconstrutores.<br \/>\n\u2022 Acelera a secagem e reduz o frizz para um acabamento impec\u00e1vel.<\/p>\n<p class=\"MsoNormal\" style=\"margin-bottom: 0cm; margin-top: 0cm;\">\u2022 A\u00e7\u00e3o antifrizz e selagem da cut\u00edcula: Toque sedoso e brilho intenso.<\/p>\n<p>ATIVOS PRINCIPAIS:<br \/>\n\u2022 Blend de \u00f3leos nutritivos (A\u00e7a\u00ed, Abacate e Girassol): nutre profundamente e protege contra o ressecamento, garantindo um toque sedoso e brilho intenso.<br \/>\n\u2022 Prodew &amp; Queratina Hidrolisada: complexo de amino\u00e1cidos essenciais, fortalece a estrutura capilar, melhora a resist\u00eancia dos fios e previne a quebra. A Queratina Hidrolisada que devolve for\u00e7a e elasticidade aos cabelos fragilizados por processos qu\u00edmicos.<\/p>\n<p>MODO DE USO:<br \/>\nShampoo Matizador.<br \/>\nAplique nos cabelos \u00famidos, massageando<br \/>\nsuavemente at\u00e9 formar espuma. Repita a aplica\u00e7\u00e3o, se necess\u00e1rio.<\/p>\n<p>Beleza Real Inspirada no Brasil.<\/p>\n<p>A Bella Hair Brasil nasce para cuidar da beleza real e natural, valorizando a<br \/>\ness\u00eancia de cada pessoa com produtos capilares de alta qualidade.<br \/>\nInspirada nas riquezas e biodiversidade do Brasil, uma marca que<br \/>\ncombina inova\u00e7\u00e3o sustent\u00e1vel e ingredientes selecionados para<br \/>\nproporcionar uma experi\u00eancia \u00fanica de autocuidado. Nosso<br \/>\ncompromisso vai al\u00e9m da est\u00e9tica: buscamos f\u00f3rmulas eficazes,<br \/>\ndesenvolvidas com responsabilidade e respeito ao meio ambiente.<\/p>\n<p>Beleza genu\u00edna, cuidado consciente.<\/p>\n<p>Fabricado no Brasil.<br \/>\nBELLA HAIR BRASIL COSM\u00c9TICOS LTDA.<\/p>\n","protected":false},"excerpt":{"rendered":"<p>Shampoo Matizador, Blond Me para Cabelos Loiros. Cont\u00e9m: Shampoo Matizador 300ml. A linha Blond Me foi desenvolvida para cuidar dos cabelos loiros, descoloridos e grisalhos, promovendo um tratamento completo que matiza, hidrata e protege os fios. Sua f\u00f3rmula avan\u00e7ada neutraliza os tons amarelados, restaura a sa\u00fade da fibra capilar e preserva a luminosidade dos fios [&hellip;]<\/p>\n","protected":false},"featured_media":1384,"template":"","meta":[],"product_brand":[],"product_cat":[31],"product_tag":[],"class_list":{"0":"post-1262","1":"product","2":"type-product","3":"status-publish","4":"has-post-thumbnail","6":"product_cat-blondme","8":"first","9":"instock","10":"shipping-taxable","11":"purchasable","12":"product-type-simple"},"_links":{"self":[{"href":"https:\/\/bellahairbrasil.com.br\/loja\/wp-json\/wp\/v2\/product\/1262","targetHints":{"allow":["GET"]}}],"collection":[{"href":"https:\/\/bellahairbrasil.com.br\/loja\/wp-json\/wp\/v2\/product"}],"about":[{"href":"https:\/\/bellahairbrasil.com.br\/loja\/wp-json\/wp\/v2\/types\/product"}],"wp:featuredmedia":[{"embeddable":true,"href":"https:\/\/bellahairbrasil.com.br\/loja\/wp-json\/wp\/v2\/media\/1384"}],"wp:attachment":[{"href":"https:\/\/bellahairbrasil.com.br\/loja\/wp-json\/wp\/v2\/media?parent=1262"}],"wp:term":[{"taxonomy":"product_brand","embeddable":true,"href":"https:\/\/bellahairbrasil.com.br\/loja\/wp-json\/wp\/v2\/product_brand?post=1262"},{"taxonomy":"product_cat","embeddable":true,"href":"https:\/\/bellahairbrasil.com.br\/loja\/wp-json\/wp\/v2\/product_cat?post=1262"},{"taxonomy":"product_tag","embeddable":true,"href":"https:\/\/bellahairbrasil.com.br\/loja\/wp-json\/wp\/v2\/product_tag?post=1262"}],"curies":[{"name":"wp","href":"https:\/\/api.w.org\/{rel}","templated":true}]}}